{"id":1630,"date":"2022-09-26T13:43:42","date_gmt":"2022-09-26T12:43:42","guid":{"rendered":"https:\/\/kapini.dk\/?post_type=product&#038;p=1630"},"modified":"2022-09-26T13:46:57","modified_gmt":"2022-09-26T12:46:57","slug":"palisha-ring","status":"publish","type":"product","link":"https:\/\/kapini.dk\/de\/fingerringe\/palisha-ring\/","title":{"rendered":"Palisha-Ring"},"content":{"rendered":"<!--themify_builder_content-->\n<div id=\"themify_builder_content-1630\" data-postid=\"1630\" class=\"themify_builder_content themify_builder_content-1630 themify_builder tf_clear\">\n    <\/div>\n<!--\/themify_builder_content-->\n","protected":false},"excerpt":{"rendered":"<p>Gut gemachter Fingerring mit einzigartigem Aussehen; der Ring ist aus rhodiniertem und vergoldetem (24 krt.) Sterlingsilber.<\/p>\n<p>Stein: Topas und Peridot<\/p>\n<p>H\u00f6he: 19 mm, Breite: 22 mm, Tiefe: 22 mm (Ma\u00dfe variieren je nach Ringgr\u00f6\u00dfe)<\/p>\n<p>Dieser Fingerring ist offen, und die Gr\u00f6\u00dfe kann mit etwas Sorgfalt um eine Gr\u00f6\u00dfe nach oben oder unten angepasst werden.<\/p>\n","protected":false},"featured_media":1644,"comment_status":"open","ping_status":"closed","template":"","meta":[],"product_brand":[],"product_cat":[168,82],"product_tag":[],"class_list":{"0":"post-1630","1":"product","2":"type-product","3":"status-publish","4":"has-post-thumbnail","6":"product_cat-fingerringe","7":"product_cat-red-leaves","8":"pa_farve-blau","9":"pa_farve-gruen","10":"pa_metal-gold-de","11":"pa_metal-rhodium-de","12":"pa_metal-silber","13":"pa_sten-londoner-blautopas","14":"pa_sten-peridot","15":"pa_str-52-de","16":"pa_str-54-de","17":"pa_str-57-de","18":"pa_str-59-de","19":"pa_str-62-de","20":"has-post-title","21":"has-post-date","22":"has-post-category","23":"has-post-tag","24":"has-post-comment","25":"has-post-author","26":"","28":"first","29":"outofstock","30":"taxable","31":"shipping-taxable","32":"purchasable","33":"product-type-variable"},"builder_content":"","_links":{"self":[{"href":"https:\/\/kapini.dk\/de\/wp-json\/wp\/v2\/product\/1630","targetHints":{"allow":["GET"]}}],"collection":[{"href":"https:\/\/kapini.dk\/de\/wp-json\/wp\/v2\/product"}],"about":[{"href":"https:\/\/kapini.dk\/de\/wp-json\/wp\/v2\/types\/product"}],"replies":[{"embeddable":true,"href":"https:\/\/kapini.dk\/de\/wp-json\/wp\/v2\/comments?post=1630"}],"wp:featuredmedia":[{"embeddable":true,"href":"https:\/\/kapini.dk\/de\/wp-json\/wp\/v2\/media\/1644"}],"wp:attachment":[{"href":"https:\/\/kapini.dk\/de\/wp-json\/wp\/v2\/media?parent=1630"}],"wp:term":[{"taxonomy":"product_brand","embeddable":true,"href":"https:\/\/kapini.dk\/de\/wp-json\/wp\/v2\/product_brand?post=1630"},{"taxonomy":"product_cat","embeddable":true,"href":"https:\/\/kapini.dk\/de\/wp-json\/wp\/v2\/product_cat?post=1630"},{"taxonomy":"product_tag","embeddable":true,"href":"https:\/\/kapini.dk\/de\/wp-json\/wp\/v2\/product_tag?post=1630"}],"curies":[{"name":"wp","href":"https:\/\/api.w.org\/{rel}","templated":true}]}}