{"id":1445,"date":"2022-09-26T12:27:47","date_gmt":"2022-09-26T11:27:47","guid":{"rendered":"https:\/\/kapini.dk\/?post_type=product&#038;p=1445"},"modified":"2022-09-26T12:52:27","modified_gmt":"2022-09-26T11:52:27","slug":"bizna-ring","status":"publish","type":"product","link":"https:\/\/kapini.dk\/de\/fingerringe\/bizna-ring\/","title":{"rendered":"Bizna-Ring"},"content":{"rendered":"<!--themify_builder_content-->\n<div id=\"themify_builder_content-1445\" data-postid=\"1445\" class=\"themify_builder_content themify_builder_content-1445 themify_builder tf_clear\">\n    <\/div>\n<!--\/themify_builder_content-->\n","protected":false},"excerpt":{"rendered":"<p>Zeitloser, rustikaler Fingerring mit schlichtem Ausdruck; der Ring ist aus leicht rhodiniertem und vergoldetem (24ct.) Sterlingsilber.<\/p>\n<p>Stein: Topas<\/p>\n<p>H\u00f6he: 10 mm, Breite: 20 mm, Tiefe: 22 mm (Ma\u00dfe variieren je nach Ringgr\u00f6\u00dfe)<\/p>\n<p>Dieser Fingerring ist offen und kann mit ein wenig Sorgfalt eine Gr\u00f6\u00dfe nach oben und unten angepasst werden.<\/p>\n","protected":false},"featured_media":1461,"comment_status":"open","ping_status":"closed","template":"","meta":[],"product_brand":[],"product_cat":[168,82],"product_tag":[],"class_list":{"0":"post-1445","1":"product","2":"type-product","3":"status-publish","4":"has-post-thumbnail","6":"product_cat-fingerringe","7":"product_cat-red-leaves","8":"pa_farve-blau","9":"pa_metal-gold-de","10":"pa_metal-rhodium-de","11":"pa_metal-silber","12":"pa_sten-londoner-blautopas","13":"pa_str-50-de","14":"pa_str-52-de","15":"pa_str-54-de","16":"pa_str-56-de","17":"pa_str-58-de","18":"pa_str-60-de","19":"has-post-title","20":"has-post-date","21":"has-post-category","22":"has-post-tag","23":"has-post-comment","24":"has-post-author","25":"","27":"first","28":"outofstock","29":"taxable","30":"shipping-taxable","31":"purchasable","32":"product-type-variable"},"builder_content":"","_links":{"self":[{"href":"https:\/\/kapini.dk\/de\/wp-json\/wp\/v2\/product\/1445","targetHints":{"allow":["GET"]}}],"collection":[{"href":"https:\/\/kapini.dk\/de\/wp-json\/wp\/v2\/product"}],"about":[{"href":"https:\/\/kapini.dk\/de\/wp-json\/wp\/v2\/types\/product"}],"replies":[{"embeddable":true,"href":"https:\/\/kapini.dk\/de\/wp-json\/wp\/v2\/comments?post=1445"}],"wp:featuredmedia":[{"embeddable":true,"href":"https:\/\/kapini.dk\/de\/wp-json\/wp\/v2\/media\/1461"}],"wp:attachment":[{"href":"https:\/\/kapini.dk\/de\/wp-json\/wp\/v2\/media?parent=1445"}],"wp:term":[{"taxonomy":"product_brand","embeddable":true,"href":"https:\/\/kapini.dk\/de\/wp-json\/wp\/v2\/product_brand?post=1445"},{"taxonomy":"product_cat","embeddable":true,"href":"https:\/\/kapini.dk\/de\/wp-json\/wp\/v2\/product_cat?post=1445"},{"taxonomy":"product_tag","embeddable":true,"href":"https:\/\/kapini.dk\/de\/wp-json\/wp\/v2\/product_tag?post=1445"}],"curies":[{"name":"wp","href":"https:\/\/api.w.org\/{rel}","templated":true}]}}