{"id":1405,"date":"2022-09-26T12:14:29","date_gmt":"2022-09-26T11:14:29","guid":{"rendered":"https:\/\/kapini.dk\/?post_type=product&#038;p=1405"},"modified":"2022-09-26T12:28:09","modified_gmt":"2022-09-26T11:28:09","slug":"izna-purple-ring","status":"publish","type":"product","link":"https:\/\/kapini.dk\/de\/fingerringe\/izna-purple-ring\/","title":{"rendered":"Izna Lila Ring"},"content":{"rendered":"<!--themify_builder_content-->\n<div id=\"themify_builder_content-1405\" data-postid=\"1405\" class=\"themify_builder_content themify_builder_content-1405 themify_builder tf_clear\">\n    <\/div>\n<!--\/themify_builder_content-->\n","protected":false},"excerpt":{"rendered":"<p>Schlichter, rustikaler Fingerring mit zeitlosem Look; der Ring erscheint sowohl in rhodiniertem als auch in vergoldetem (24 krt.) Sterlingsilber.<\/p>\n<p>Stein: Amethyst<\/p>\n<p>H\u00f6he: 10 mm, Breite: 20 mm, Tiefe: 22 mm (Ma\u00dfe variieren je nach Ringgr\u00f6\u00dfe)<\/p>\n","protected":false},"featured_media":1421,"comment_status":"open","ping_status":"closed","template":"","meta":[],"product_brand":[],"product_cat":[168,82],"product_tag":[],"class_list":{"0":"post-1405","1":"product","2":"type-product","3":"status-publish","4":"has-post-thumbnail","6":"product_cat-fingerringe","7":"product_cat-red-leaves","8":"pa_farve-kleine","9":"pa_metal-gold-de","10":"pa_metal-rhodium-de","11":"pa_sten-amethyst","12":"pa_str-50-de","13":"pa_str-52-de","14":"pa_str-54-de","15":"pa_str-56-de","16":"pa_str-58-de","17":"pa_str-60-de","18":"has-post-title","19":"has-post-date","20":"has-post-category","21":"has-post-tag","22":"has-post-comment","23":"has-post-author","24":"","26":"first","27":"outofstock","28":"taxable","29":"shipping-taxable","30":"purchasable","31":"product-type-variable"},"builder_content":"","_links":{"self":[{"href":"https:\/\/kapini.dk\/de\/wp-json\/wp\/v2\/product\/1405","targetHints":{"allow":["GET"]}}],"collection":[{"href":"https:\/\/kapini.dk\/de\/wp-json\/wp\/v2\/product"}],"about":[{"href":"https:\/\/kapini.dk\/de\/wp-json\/wp\/v2\/types\/product"}],"replies":[{"embeddable":true,"href":"https:\/\/kapini.dk\/de\/wp-json\/wp\/v2\/comments?post=1405"}],"wp:featuredmedia":[{"embeddable":true,"href":"https:\/\/kapini.dk\/de\/wp-json\/wp\/v2\/media\/1421"}],"wp:attachment":[{"href":"https:\/\/kapini.dk\/de\/wp-json\/wp\/v2\/media?parent=1405"}],"wp:term":[{"taxonomy":"product_brand","embeddable":true,"href":"https:\/\/kapini.dk\/de\/wp-json\/wp\/v2\/product_brand?post=1405"},{"taxonomy":"product_cat","embeddable":true,"href":"https:\/\/kapini.dk\/de\/wp-json\/wp\/v2\/product_cat?post=1405"},{"taxonomy":"product_tag","embeddable":true,"href":"https:\/\/kapini.dk\/de\/wp-json\/wp\/v2\/product_tag?post=1405"}],"curies":[{"name":"wp","href":"https:\/\/api.w.org\/{rel}","templated":true}]}}