{"id":1366,"date":"2022-09-26T12:11:28","date_gmt":"2022-09-26T11:11:28","guid":{"rendered":"https:\/\/kapini.dk\/?post_type=product&#038;p=1366"},"modified":"2022-09-26T12:14:14","modified_gmt":"2022-09-26T11:14:14","slug":"ita-ring","status":"publish","type":"product","link":"https:\/\/kapini.dk\/de\/fingerringe\/ita-ring\/","title":{"rendered":"Ita-Ring"},"content":{"rendered":"<!--themify_builder_content-->\n<div id=\"themify_builder_content-1366\" data-postid=\"1366\" class=\"themify_builder_content themify_builder_content-1366 themify_builder tf_clear\">\n    <\/div>\n<!--\/themify_builder_content-->\n","protected":false},"excerpt":{"rendered":"<p>Interessanter Fingerring mit sch\u00f6nem wellenf\u00f6rmigen Ausdruck; der Ring erscheint in rhodiniertem und vergoldetem (24 krt.) Sterlingsilber.<\/p>\n<p>Edelsteine: Amethyst, Diopsid und Zirkon<\/p>\n<p>H\u00f6he: 15 mm, Breite: 22 mm, Tiefe: 21 mm (Ma\u00dfe variieren je nach Ringgr\u00f6\u00dfe)<\/p>\n","protected":false},"featured_media":1382,"comment_status":"open","ping_status":"closed","template":"","meta":[],"product_brand":[],"product_cat":[168,82],"product_tag":[],"class_list":{"0":"post-1366","1":"product","2":"type-product","3":"status-publish","4":"has-post-thumbnail","6":"product_cat-fingerringe","7":"product_cat-red-leaves","8":"pa_farve-gruen","9":"pa_farve-kleine","10":"pa_metal-gold-de","11":"pa_metal-rhodium-de","12":"pa_metal-silber","13":"pa_sten-amethyst","14":"pa_sten-diopsid","15":"pa_str-50-de","16":"pa_str-52-de","17":"pa_str-54-de","18":"pa_str-56-de","19":"pa_str-58-de","20":"pa_str-60-de","21":"has-post-title","22":"has-post-date","23":"has-post-category","24":"has-post-tag","25":"has-post-comment","26":"has-post-author","27":"","29":"first","30":"outofstock","31":"taxable","32":"shipping-taxable","33":"purchasable","34":"product-type-variable"},"builder_content":"","_links":{"self":[{"href":"https:\/\/kapini.dk\/de\/wp-json\/wp\/v2\/product\/1366","targetHints":{"allow":["GET"]}}],"collection":[{"href":"https:\/\/kapini.dk\/de\/wp-json\/wp\/v2\/product"}],"about":[{"href":"https:\/\/kapini.dk\/de\/wp-json\/wp\/v2\/types\/product"}],"replies":[{"embeddable":true,"href":"https:\/\/kapini.dk\/de\/wp-json\/wp\/v2\/comments?post=1366"}],"wp:featuredmedia":[{"embeddable":true,"href":"https:\/\/kapini.dk\/de\/wp-json\/wp\/v2\/media\/1382"}],"wp:attachment":[{"href":"https:\/\/kapini.dk\/de\/wp-json\/wp\/v2\/media?parent=1366"}],"wp:term":[{"taxonomy":"product_brand","embeddable":true,"href":"https:\/\/kapini.dk\/de\/wp-json\/wp\/v2\/product_brand?post=1366"},{"taxonomy":"product_cat","embeddable":true,"href":"https:\/\/kapini.dk\/de\/wp-json\/wp\/v2\/product_cat?post=1366"},{"taxonomy":"product_tag","embeddable":true,"href":"https:\/\/kapini.dk\/de\/wp-json\/wp\/v2\/product_tag?post=1366"}],"curies":[{"name":"wp","href":"https:\/\/api.w.org\/{rel}","templated":true}]}}