{"id":1285,"date":"2022-09-26T11:50:14","date_gmt":"2022-09-26T10:50:14","guid":{"rendered":"https:\/\/kapini.dk\/?post_type=product&#038;p=1285"},"modified":"2022-09-26T11:57:01","modified_gmt":"2022-09-26T10:57:01","slug":"khyana-ring","status":"publish","type":"product","link":"https:\/\/kapini.dk\/de\/fingerringe\/khyana-ring\/","title":{"rendered":"Khyana-Ring"},"content":{"rendered":"<!--themify_builder_content-->\n<div id=\"themify_builder_content-1285\" data-postid=\"1285\" class=\"themify_builder_content themify_builder_content-1285 themify_builder tf_clear\">\n    <\/div>\n<!--\/themify_builder_content-->\n","protected":false},"excerpt":{"rendered":"<p>Prachtvoller und reich verzierter Fingerring; der Ring erscheint in rhodiniertem und vergoldetem (24 krt.) Sterlingsilber.<\/p>\n<p>Edelsteine: Opal, Amethyst, Citrin, Granat und Londoner Blautopas<\/p>\n<p>H\u00f6he: 24 mm, Breite: 22 mm, Tiefe: 28 mm (Ma\u00dfe variieren je nach Ringgr\u00f6\u00dfe)<\/p>\n<p>HINWEIS: W\u00e4hlen Sie die Ringgr\u00f6\u00dfe im unten stehenden Men\u00fc aus.<\/p>\n","protected":false},"featured_media":1301,"comment_status":"open","ping_status":"closed","template":"","meta":[],"product_brand":[],"product_cat":[168,82],"product_tag":[],"class_list":{"0":"post-1285","1":"product","2":"type-product","3":"status-publish","4":"has-post-thumbnail","6":"product_cat-fingerringe","7":"product_cat-red-leaves","8":"pa_farve-blau","9":"pa_farve-orange-de","10":"pa_farve-rot","11":"pa_metal-gold-de","12":"pa_metal-rhodium-de","13":"pa_metal-silber","14":"pa_sten-amethyst","15":"pa_sten-citrin","16":"pa_sten-granat","17":"pa_sten-londoner-blautopas","18":"pa_sten-opal","19":"pa_str-50-de","20":"pa_str-52-de","21":"pa_str-54-de","22":"pa_str-56-de","23":"pa_str-58-de","24":"pa_str-60-de","25":"has-post-title","26":"has-post-date","27":"has-post-category","28":"has-post-tag","29":"has-post-comment","30":"has-post-author","31":"","33":"first","34":"outofstock","35":"taxable","36":"shipping-taxable","37":"purchasable","38":"product-type-variable"},"builder_content":"","_links":{"self":[{"href":"https:\/\/kapini.dk\/de\/wp-json\/wp\/v2\/product\/1285","targetHints":{"allow":["GET"]}}],"collection":[{"href":"https:\/\/kapini.dk\/de\/wp-json\/wp\/v2\/product"}],"about":[{"href":"https:\/\/kapini.dk\/de\/wp-json\/wp\/v2\/types\/product"}],"replies":[{"embeddable":true,"href":"https:\/\/kapini.dk\/de\/wp-json\/wp\/v2\/comments?post=1285"}],"wp:featuredmedia":[{"embeddable":true,"href":"https:\/\/kapini.dk\/de\/wp-json\/wp\/v2\/media\/1301"}],"wp:attachment":[{"href":"https:\/\/kapini.dk\/de\/wp-json\/wp\/v2\/media?parent=1285"}],"wp:term":[{"taxonomy":"product_brand","embeddable":true,"href":"https:\/\/kapini.dk\/de\/wp-json\/wp\/v2\/product_brand?post=1285"},{"taxonomy":"product_cat","embeddable":true,"href":"https:\/\/kapini.dk\/de\/wp-json\/wp\/v2\/product_cat?post=1285"},{"taxonomy":"product_tag","embeddable":true,"href":"https:\/\/kapini.dk\/de\/wp-json\/wp\/v2\/product_tag?post=1285"}],"curies":[{"name":"wp","href":"https:\/\/api.w.org\/{rel}","templated":true}]}}