{"id":1218,"date":"2022-09-25T12:20:49","date_gmt":"2022-09-25T11:20:49","guid":{"rendered":"https:\/\/kapini.dk\/?post_type=product&#038;p=1218"},"modified":"2023-02-14T15:14:30","modified_gmt":"2023-02-14T14:14:30","slug":"kaneila-vedhaeng","status":"publish","type":"product","link":"https:\/\/kapini.dk\/de\/anhaenger\/kaneila-vedhaeng\/","title":{"rendered":"Kaneila-Anh\u00e4nger"},"content":{"rendered":"<!--themify_builder_content-->\n<div id=\"themify_builder_content-1218\" data-postid=\"1218\" class=\"themify_builder_content themify_builder_content-1218 themify_builder tf_clear\">\n    <\/div>\n<!--\/themify_builder_content-->\n","protected":false},"excerpt":{"rendered":"<p>Sch\u00f6ner Anh\u00e4nger mit elegantem Motiv des Lebensbaums; der Schmuck erscheint in rhodiniertem und vergoldetem (24ct.) Sterlingsilber.<\/p>\n<p>Stein: Turmaline in verschiedenen Farben<\/p>\n<p>H\u00f6he, einschlie\u00dflich T\u00fclle: 40 mm, Breite: 30 mm, Tiefe: 5 mm<\/p>\n","protected":false},"featured_media":1222,"comment_status":"open","ping_status":"closed","template":"","meta":[],"product_brand":[],"product_cat":[181,82],"product_tag":[],"class_list":{"0":"post-1218","1":"product","2":"type-product","3":"status-publish","4":"has-post-thumbnail","6":"product_cat-anhaenger","7":"product_cat-red-leaves","8":"pa_farve-gelb","9":"pa_farve-gruen","10":"pa_farve-rot","11":"pa_metal-gold-de","12":"pa_metal-rhodium-de","13":"pa_sten-turmalin","14":"has-post-title","15":"has-post-date","16":"has-post-category","17":"has-post-tag","18":"has-post-comment","19":"has-post-author","20":"","22":"first","23":"instock","24":"taxable","25":"shipping-taxable","26":"purchasable","27":"product-type-simple"},"builder_content":"","_links":{"self":[{"href":"https:\/\/kapini.dk\/de\/wp-json\/wp\/v2\/product\/1218","targetHints":{"allow":["GET"]}}],"collection":[{"href":"https:\/\/kapini.dk\/de\/wp-json\/wp\/v2\/product"}],"about":[{"href":"https:\/\/kapini.dk\/de\/wp-json\/wp\/v2\/types\/product"}],"replies":[{"embeddable":true,"href":"https:\/\/kapini.dk\/de\/wp-json\/wp\/v2\/comments?post=1218"}],"wp:featuredmedia":[{"embeddable":true,"href":"https:\/\/kapini.dk\/de\/wp-json\/wp\/v2\/media\/1222"}],"wp:attachment":[{"href":"https:\/\/kapini.dk\/de\/wp-json\/wp\/v2\/media?parent=1218"}],"wp:term":[{"taxonomy":"product_brand","embeddable":true,"href":"https:\/\/kapini.dk\/de\/wp-json\/wp\/v2\/product_brand?post=1218"},{"taxonomy":"product_cat","embeddable":true,"href":"https:\/\/kapini.dk\/de\/wp-json\/wp\/v2\/product_cat?post=1218"},{"taxonomy":"product_tag","embeddable":true,"href":"https:\/\/kapini.dk\/de\/wp-json\/wp\/v2\/product_tag?post=1218"}],"curies":[{"name":"wp","href":"https:\/\/api.w.org\/{rel}","templated":true}]}}