{"id":1113,"date":"2022-09-23T14:23:11","date_gmt":"2022-09-23T13:23:11","guid":{"rendered":"https:\/\/kapini.dk\/?post_type=product&#038;p=1113"},"modified":"2022-09-23T14:25:26","modified_gmt":"2022-09-23T13:25:26","slug":"hasri-ohrringe","status":"publish","type":"product","link":"https:\/\/kapini.dk\/de\/red-leaves\/hasri-ohrringe\/","title":{"rendered":"Hasri-Ohrringe"},"content":{"rendered":"<p>Sch\u00f6ner und detailreicher Ohrring mit Schmetterlingsmotiv aus rhodiniertem und vergoldetem (24ct.) Sterlingsilber.<\/p>\n<p>Der Ohrring ist mit Ohrstecker.<\/p>\n<p>Edelsteine : Peridot und Amethyst<\/p>\n<p>H\u00f6he, einschlie\u00dflich Ohrb\u00fcgel: 44 mm, Breite: 22 mm, Tiefe, ohne Ohrb\u00fcgel: 5 mm<\/p>\n<!--themify_builder_content-->\n<div id=\"themify_builder_content-1113\" data-postid=\"1113\" class=\"themify_builder_content themify_builder_content-1113 themify_builder tf_clear\">\n    <\/div>\n<!--\/themify_builder_content-->\n","protected":false},"excerpt":{"rendered":"<p>Sch\u00f6ner und charmanter Ohrring aus rhodiniertem, oxidiertem und vergoldetem (24ct.) Sterlingsilber. Der Ohrring ist mit Ohrstecker.<\/p>\n<p>Stein: Granat<\/p>\n<p>H\u00f6he, einschlie\u00dflich Ohrb\u00fcgel: 28 mm, Breite: 20 mm, Tiefe, ohne Ohrb\u00fcgel: 7 mm<\/p>\n","protected":false},"featured_media":1108,"comment_status":"open","ping_status":"closed","template":"","meta":[],"product_brand":[],"product_cat":[81,82],"product_tag":[],"class_list":{"0":"post-1113","1":"product","2":"type-product","3":"status-publish","4":"has-post-thumbnail","6":"product_cat-ohrringe","7":"product_cat-red-leaves","8":"pa_farve-gruen","9":"pa_metal-gold-de","10":"pa_metal-rhodium-de","11":"pa_sten-granat","12":"has-post-title","13":"has-post-date","14":"has-post-category","15":"has-post-tag","16":"has-post-comment","17":"has-post-author","18":"","20":"first","21":"instock","22":"taxable","23":"shipping-taxable","24":"purchasable","25":"product-type-simple"},"builder_content":"","_links":{"self":[{"href":"https:\/\/kapini.dk\/de\/wp-json\/wp\/v2\/product\/1113","targetHints":{"allow":["GET"]}}],"collection":[{"href":"https:\/\/kapini.dk\/de\/wp-json\/wp\/v2\/product"}],"about":[{"href":"https:\/\/kapini.dk\/de\/wp-json\/wp\/v2\/types\/product"}],"replies":[{"embeddable":true,"href":"https:\/\/kapini.dk\/de\/wp-json\/wp\/v2\/comments?post=1113"}],"wp:featuredmedia":[{"embeddable":true,"href":"https:\/\/kapini.dk\/de\/wp-json\/wp\/v2\/media\/1108"}],"wp:attachment":[{"href":"https:\/\/kapini.dk\/de\/wp-json\/wp\/v2\/media?parent=1113"}],"wp:term":[{"taxonomy":"product_brand","embeddable":true,"href":"https:\/\/kapini.dk\/de\/wp-json\/wp\/v2\/product_brand?post=1113"},{"taxonomy":"product_cat","embeddable":true,"href":"https:\/\/kapini.dk\/de\/wp-json\/wp\/v2\/product_cat?post=1113"},{"taxonomy":"product_tag","embeddable":true,"href":"https:\/\/kapini.dk\/de\/wp-json\/wp\/v2\/product_tag?post=1113"}],"curies":[{"name":"wp","href":"https:\/\/api.w.org\/{rel}","templated":true}]}}