{"id":1027,"date":"2022-09-23T11:58:55","date_gmt":"2022-09-23T10:58:55","guid":{"rendered":"https:\/\/kapini.dk\/?post_type=product&#038;p=1027"},"modified":"2022-09-23T12:02:15","modified_gmt":"2022-09-23T11:02:15","slug":"feba-ohrringe","status":"publish","type":"product","link":"https:\/\/kapini.dk\/de\/suesswasserperlen\/feba-ohrringe\/","title":{"rendered":"Feba-Ohrringe"},"content":{"rendered":"<p>Sch\u00f6ner und detailreicher Ohrring mit Schmetterlingsmotiv aus rhodiniertem und vergoldetem (24ct.) Sterlingsilber.<\/p>\n<p>Der Ohrring ist mit Ohrstecker.<\/p>\n<p>Edelsteine : Peridot und Amethyst<\/p>\n<p>H\u00f6he, einschlie\u00dflich Ohrb\u00fcgel: 44 mm, Breite: 22 mm, Tiefe, ohne Ohrb\u00fcgel: 5 mm<\/p>\n<!--themify_builder_content-->\n<div id=\"themify_builder_content-1027\" data-postid=\"1027\" class=\"themify_builder_content themify_builder_content-1027 themify_builder tf_clear\">\n    <\/div>\n<!--\/themify_builder_content-->\n","protected":false},"excerpt":{"rendered":"<p>Eleganter Ohrring mit Barockperlen aus reinem, sehr leicht rhodiniertem und vergoldetem (24ct.) Sterlingsilber. Der Ohrring ist mit Ohrstecker.<\/p>\n<p>Stein:Barocke S\u00fc\u00dfwasserperlen und Topas<\/p>\n<p>H\u00f6he, einschlie\u00dflich Ohrb\u00fcgel: 50 mm, Breite: 16 mm, Tiefe, ohne Ohrb\u00fcgel: 16 mm<\/p>\n","protected":false},"featured_media":1031,"comment_status":"open","ping_status":"closed","template":"","meta":[],"product_brand":[],"product_cat":[81,211,82],"product_tag":[],"class_list":{"0":"post-1027","1":"product","2":"type-product","3":"status-publish","4":"has-post-thumbnail","6":"product_cat-ohrringe","7":"product_cat-suesswasserperlen","8":"product_cat-red-leaves","9":"pa_farve-blau","10":"pa_metal-gold-de","11":"pa_metal-rhodium-de","12":"pa_sten-londoner-blautopas","13":"pa_sten-perlen","14":"has-post-title","15":"has-post-date","16":"has-post-category","17":"has-post-tag","18":"has-post-comment","19":"has-post-author","20":"","22":"first","23":"instock","24":"taxable","25":"shipping-taxable","26":"purchasable","27":"product-type-simple"},"builder_content":"","_links":{"self":[{"href":"https:\/\/kapini.dk\/de\/wp-json\/wp\/v2\/product\/1027","targetHints":{"allow":["GET"]}}],"collection":[{"href":"https:\/\/kapini.dk\/de\/wp-json\/wp\/v2\/product"}],"about":[{"href":"https:\/\/kapini.dk\/de\/wp-json\/wp\/v2\/types\/product"}],"replies":[{"embeddable":true,"href":"https:\/\/kapini.dk\/de\/wp-json\/wp\/v2\/comments?post=1027"}],"wp:featuredmedia":[{"embeddable":true,"href":"https:\/\/kapini.dk\/de\/wp-json\/wp\/v2\/media\/1031"}],"wp:attachment":[{"href":"https:\/\/kapini.dk\/de\/wp-json\/wp\/v2\/media?parent=1027"}],"wp:term":[{"taxonomy":"product_brand","embeddable":true,"href":"https:\/\/kapini.dk\/de\/wp-json\/wp\/v2\/product_brand?post=1027"},{"taxonomy":"product_cat","embeddable":true,"href":"https:\/\/kapini.dk\/de\/wp-json\/wp\/v2\/product_cat?post=1027"},{"taxonomy":"product_tag","embeddable":true,"href":"https:\/\/kapini.dk\/de\/wp-json\/wp\/v2\/product_tag?post=1027"}],"curies":[{"name":"wp","href":"https:\/\/api.w.org\/{rel}","templated":true}]}}