{"id":1021,"date":"2022-09-23T11:55:58","date_gmt":"2022-09-23T10:55:58","guid":{"rendered":"https:\/\/kapini.dk\/?post_type=product&#038;p=1021"},"modified":"2022-09-23T11:58:56","modified_gmt":"2022-09-23T10:58:56","slug":"faalgunee-ohrringe","status":"publish","type":"product","link":"https:\/\/kapini.dk\/de\/red-leaves\/faalgunee-ohrringe\/","title":{"rendered":"Faalgunee-Ohrringe"},"content":{"rendered":"<p>Sch\u00f6ner und detailreicher Ohrring mit Schmetterlingsmotiv aus rhodiniertem und vergoldetem (24ct.) Sterlingsilber.<\/p>\n<p>Der Ohrring ist mit Ohrstecker.<\/p>\n<p>Edelsteine : Peridot und Amethyst<\/p>\n<p>H\u00f6he, einschlie\u00dflich Ohrb\u00fcgel: 44 mm, Breite: 22 mm, Tiefe, ohne Ohrb\u00fcgel: 5 mm<\/p>\n<!--themify_builder_content-->\n<div id=\"themify_builder_content-1021\" data-postid=\"1021\" class=\"themify_builder_content themify_builder_content-1021 themify_builder tf_clear\">\n    <\/div>\n<!--\/themify_builder_content-->\n","protected":false},"excerpt":{"rendered":"<p>Schlichter und sch\u00f6n verzierter Ohrring aus reinem, sehr leicht rhodiniertem und vergoldetem (24ct.) Sterlingsilber. Der Ohrring ist mit Ohrstecker.<\/p>\n<p>Stein: Topas<\/p>\n<p>H\u00f6he, einschlie\u00dflich Ohrb\u00fcgel: 40 mm, Breite: 19 mm, Tiefe, ohne Ohrb\u00fcgel: 2 mm<\/p>\n","protected":false},"featured_media":1025,"comment_status":"open","ping_status":"closed","template":"","meta":[],"product_brand":[],"product_cat":[81,82],"product_tag":[],"class_list":{"0":"post-1021","1":"product","2":"type-product","3":"status-publish","4":"has-post-thumbnail","6":"product_cat-ohrringe","7":"product_cat-red-leaves","8":"pa_farve-blau","9":"pa_metal-gold-de","10":"pa_metal-rhodium-de","11":"pa_sten-londoner-blautopas","12":"has-post-title","13":"has-post-date","14":"has-post-category","15":"has-post-tag","16":"has-post-comment","17":"has-post-author","18":"","20":"first","21":"outofstock","22":"taxable","23":"shipping-taxable","24":"purchasable","25":"product-type-simple"},"builder_content":"","_links":{"self":[{"href":"https:\/\/kapini.dk\/de\/wp-json\/wp\/v2\/product\/1021","targetHints":{"allow":["GET"]}}],"collection":[{"href":"https:\/\/kapini.dk\/de\/wp-json\/wp\/v2\/product"}],"about":[{"href":"https:\/\/kapini.dk\/de\/wp-json\/wp\/v2\/types\/product"}],"replies":[{"embeddable":true,"href":"https:\/\/kapini.dk\/de\/wp-json\/wp\/v2\/comments?post=1021"}],"wp:featuredmedia":[{"embeddable":true,"href":"https:\/\/kapini.dk\/de\/wp-json\/wp\/v2\/media\/1025"}],"wp:attachment":[{"href":"https:\/\/kapini.dk\/de\/wp-json\/wp\/v2\/media?parent=1021"}],"wp:term":[{"taxonomy":"product_brand","embeddable":true,"href":"https:\/\/kapini.dk\/de\/wp-json\/wp\/v2\/product_brand?post=1021"},{"taxonomy":"product_cat","embeddable":true,"href":"https:\/\/kapini.dk\/de\/wp-json\/wp\/v2\/product_cat?post=1021"},{"taxonomy":"product_tag","embeddable":true,"href":"https:\/\/kapini.dk\/de\/wp-json\/wp\/v2\/product_tag?post=1021"}],"curies":[{"name":"wp","href":"https:\/\/api.w.org\/{rel}","templated":true}]}}