{"id":401,"date":"2022-08-03T12:27:19","date_gmt":"2022-08-03T11:27:19","guid":{"rendered":"https:\/\/kapini.dk\/datenschutzbestimmungen\/"},"modified":"2022-08-07T09:44:38","modified_gmt":"2022-08-07T08:44:38","slug":"datenschutzbestimmungen","status":"publish","type":"page","link":"https:\/\/kapini.dk\/de\/datenschutzbestimmungen\/","title":{"rendered":"Datenschutzbestimmungen"},"content":{"rendered":"<h2 class=\"wp-block-heading\">Wer wir sind<\/h2>\n\n<p>Unsere Internetadresse lautet: https:\/\/kapini.dk<\/p>\n\n<p>Das Anlegen eines pers\u00f6nlichen Profils auf www.kapini.dk gilt als Vertrauenserkl\u00e4rung zwischen Verk\u00e4ufer und Kunde &#8211; es wird ernsthaft gesch\u00fctzt &#8211; keine pers\u00f6nlichen Informationen werden an Dritte weitergegeben.<\/p><!--themify_builder_content-->\n<div id=\"themify_builder_content-401\" data-postid=\"401\" class=\"themify_builder_content themify_builder_content-401 themify_builder tf_clear\">\n    <\/div>\n<!--\/themify_builder_content-->","protected":false},"excerpt":{"rendered":"<p>Wer wir sind Unsere Internetadresse lautet: https:\/\/kapini.dk Das Anlegen eines pers\u00f6nlichen Profils auf www.kapini.dk gilt als Vertrauenserkl\u00e4rung zwischen Verk\u00e4ufer und Kunde &#8211; es wird ernsthaft gesch\u00fctzt &#8211; keine pers\u00f6nlichen Informationen werden an Dritte weitergegeben.<\/p>\n","protected":false},"author":1,"featured_media":0,"parent":0,"menu_order":0,"comment_status":"closed","ping_status":"closed","template":"","meta":{"footnotes":""},"class_list":["post-401","page","type-page","status-publish","hentry","has-post-title","has-post-date","has-post-category","has-post-tag","has-post-comment","has-post-author",""],"builder_content":"","_links":{"self":[{"href":"https:\/\/kapini.dk\/de\/wp-json\/wp\/v2\/pages\/401","targetHints":{"allow":["GET"]}}],"collection":[{"href":"https:\/\/kapini.dk\/de\/wp-json\/wp\/v2\/pages"}],"about":[{"href":"https:\/\/kapini.dk\/de\/wp-json\/wp\/v2\/types\/page"}],"author":[{"embeddable":true,"href":"https:\/\/kapini.dk\/de\/wp-json\/wp\/v2\/users\/1"}],"replies":[{"embeddable":true,"href":"https:\/\/kapini.dk\/de\/wp-json\/wp\/v2\/comments?post=401"}],"version-history":[{"count":1,"href":"https:\/\/kapini.dk\/de\/wp-json\/wp\/v2\/pages\/401\/revisions"}],"predecessor-version":[{"id":402,"href":"https:\/\/kapini.dk\/de\/wp-json\/wp\/v2\/pages\/401\/revisions\/402"}],"wp:attachment":[{"href":"https:\/\/kapini.dk\/de\/wp-json\/wp\/v2\/media?parent=401"}],"curies":[{"name":"wp","href":"https:\/\/api.w.org\/{rel}","templated":true}]}}