{"id":370,"date":"2018-11-27T04:45:48","date_gmt":"2018-11-27T03:45:48","guid":{"rendered":"https:\/\/kapini.dk\/ueber\/"},"modified":"2025-10-03T10:09:36","modified_gmt":"2025-10-03T09:09:36","slug":"ueber","status":"publish","type":"page","link":"https:\/\/kapini.dk\/de\/ueber\/","title":{"rendered":"\u00dcber"},"content":{"rendered":"<!--themify_builder_content-->\n<div id=\"themify_builder_content-370\" data-postid=\"370\" class=\"themify_builder_content themify_builder_content-370 themify_builder tf_clear\">\n                    <div  data-lazy=\"1\" class=\"module_row themify_builder_row tb_2f73454 tb_first tf_w\">\n                        <div class=\"row_inner col_align_top tb_col_count_1 tf_box tf_rel\">\n                        <div  data-lazy=\"1\" class=\"module_column tb-column col-full tb_f5e79f6 first\">\n                    <!-- module text -->\n<div  class=\"module module-text tb_555b6ae   \" data-lazy=\"1\">\n        <div  class=\"tb_text_wrap\">\n        <h1>\u00dcber uns<\/h1>    <\/div>\n<\/div>\n<!-- \/module text -->        <\/div>\n                        <\/div>\n        <\/div>\n                        <div  data-lazy=\"1\" class=\"module_row themify_builder_row tb_0bf69ba tf_w\">\n                        <div class=\"row_inner col_align_top tb_col_count_2 tf_box tf_rel\">\n                        <div  data-lazy=\"1\" class=\"module_column tb-column col4-2 tb_0079d61 first\">\n                    <!-- module text -->\n<div  class=\"module module-text tb_a1496cb   \" data-lazy=\"1\">\n        <div  class=\"tb_text_wrap\">\n        <p><span style=\"background-color: initial; font-size: 1em;\">Bei<\/span> kapini.dk<span style=\"background-color: initial; font-size: 1em;\"> finden Sie immer eine gro\u00dfe Auswahl an Schmuckmaterialien und fertigen Schmuckst\u00fccken nach Ihrem eigenen Entwurf &#8211; zus\u00e4tzlich zum Verkauf von <\/span>kapini.dk<span style=\"background-color: initial; font-size: 1em;\">  Sie k\u00f6nnen uns auf den meisten Stein- und Schmuckmessen in D\u00e4nemark und Nordeuropa finden. Das Unternehmen ist Mitglied des Precious Metals Control Board.<\/span><\/p>\n<p>Die Kernwerte des Unternehmens sind Ehrlichkeit, eine hochwertige Produktpalette und zufriedene Kunden.<\/p>\n<p><strong>Einzigartiger Schmuck &#8211; Schmuck von Kapini<\/strong><br>Wenn Sie auf der Suche nach sch\u00f6nem und einzigartigem Schmuck sind, entweder f\u00fcr sich selbst oder f\u00fcr einen lieben Menschen, dann sollten Sie unsere gro\u00dfe Auswahl an handgefertigtem Schmuck entdecken. Bei Kapini finden Sie eine gro\u00dfe und gut sortierte Auswahl an einzigartigem Schmuck und Schmuckteilen.<\/p>\n<p><strong>Sammlungen Red Leaves und Green Leaves<\/strong><br>Unser wundersch\u00f6ner handgefertigter Schmuck ist einzigartig und unverwechselbar. Bei Kapini spielen wir gerne mit klassischen, modernen und antiken Ausdrucksformen. Aus diesem Grund haben wir zwei Serien entwickelt, die zwei v\u00f6llig unterschiedliche Designrichtungen widerspiegeln.<\/p>\n<p><strong>Hinter dem Kapini<\/strong><br>Wir verf\u00fcgen \u00fcber mehr als 15 Jahre Erfahrung in der Schmuckbranche und sind sehr stolz auf die Qualit\u00e4t unserer Produkte. Wir reisen selbst um die Welt, um Inspiration f\u00fcr neuen Schmuck zu finden. Auf diese Weise finden wir die einzigartigen Ausdrucksformen und Designs, die unseren Schmuck auszeichnen. Wenn Sie Fragen zu unserem Schmucksortiment, dem Gro\u00dfhandel, den Preisen oder der Lieferung haben, k\u00f6nnen Sie uns jederzeit kontaktieren.<\/p>\n<p><strong>Bundesweite Lieferung f\u00fcr alle Artikel<\/strong><br>Wir verkaufen unseren Schmuck und unsere Schmuckteile an Kunden im ganzen Land, und in der Regel dauert die Lieferung nur 1-3 Werktage nach Eingang Ihrer Bestellung. Wir versenden unsere Waren \u00fcber Postnord, und der Versand kostet nur 30 Kronen.<\/p>    <\/div>\n<\/div>\n<!-- \/module text -->        <\/div>\n                    <div  data-lazy=\"1\" class=\"module_column tb-column col4-2 tb_3244dad last\">\n                    <!-- module image -->\n<div  class=\"module module-image tb_38b378f image-center   tf_mw\" data-lazy=\"1\" data-parallax-element-speed=\"2\" data-lax-translate-y=\"vh 1,0 140\" data-lax=\"true\">\n        <div class=\"image-wrap tf_rel tf_mw\">\n            <img loading=\"lazy\" decoding=\"async\" src=\"https:\/\/kapini.dk\/wp-content\/uploads\/2022\/10\/kapini_om.jpg\" width=\"450\" height=\"620\" class=\"wp-post-image wp-image-5257\" title=\"kapini_om\" alt=\"Om kapini\" srcset=\"https:\/\/kapini.dk\/wp-content\/uploads\/2022\/10\/kapini_om.jpg 640w, https:\/\/kapini.dk\/wp-content\/uploads\/2022\/10\/kapini_om-217x300.jpg 217w, https:\/\/kapini.dk\/wp-content\/uploads\/2022\/10\/kapini_om-600x828.jpg 600w\" sizes=\"auto, (max-width: 450px) 100vw, 450px\" \/>    \n        <\/div>\n    <!-- \/image-wrap -->\n    \n        <\/div>\n<!-- \/module image -->        <div  data-lazy=\"1\" class=\"module_subrow themify_builder_sub_row tf_w col_align_top tb_col_count_2 tb_180dfa5\">\n                <div  data-lazy=\"1\" class=\"module_column sub_column col4-1 tb_8ce652f first\">\n                            <\/div>\n                    <div  data-lazy=\"1\" class=\"module_column sub_column col4-3 tb_bd1e798 last\">\n                    <!-- module text -->\n<div  class=\"module module-text tb_df4f2e2   \" data-lazy=\"1\">\n        <div  class=\"tb_text_wrap\">\n        <p>Wir reisen selbst um die Welt, um Inspiration f\u00fcr neuen Schmuck zu finden. Auf diese Weise finden wir die einzigartigen Ausdrucksformen und Designs, die unseren Schmuck auszeichnen.<\/p>    <\/div>\n<\/div>\n<!-- \/module text -->        <\/div>\n                    <\/div>\n                <\/div>\n                        <\/div>\n        <\/div>\n                        <div  data-anchor=\"medarbejdere\" data-hide-anchor=\"1\" data-lazy=\"1\" class=\"module_row themify_builder_row tb_has_section tb_section-medarbejdere tb_f3f948e tf_w\">\n                        <div class=\"row_inner col_align_top tb_col_count_1 tf_box tf_rel\">\n                        <div  data-lazy=\"1\" class=\"module_column tb-column col-full tb_b758c0a first\">\n                            <div  data-lazy=\"1\" class=\"module_subrow themify_builder_sub_row tf_w col_align_top tb_col_count_4 tb_8d76c94\">\n                <div  data-lazy=\"1\" class=\"module_column sub_column col4-1 tb_67aadfc first\">\n                    <!-- module text -->\n<div  class=\"module module-text tb_cd81b78   \" data-lazy=\"1\">\n        <div  class=\"tb_text_wrap\">\n        <h3>Wer steckt hinter Kapini?<\/h3>    <\/div>\n<\/div>\n<!-- \/module text -->        <\/div>\n                    <div  data-lazy=\"1\" class=\"module_column sub_column col4-1 tb_23cd0f8\">\n                            <\/div>\n                    <div  data-lazy=\"1\" class=\"module_column sub_column col4-1 tb_f196d6b\">\n                            <\/div>\n                    <div  data-lazy=\"1\" class=\"module_column sub_column col4-1 tb_18a8038 last\">\n                            <\/div>\n                    <\/div>\n                <\/div>\n                        <\/div>\n        <\/div>\n                        <div  data-lazy=\"1\" class=\"module_row themify_builder_row tb_e00f823 tf_w\">\n                        <div class=\"row_inner col_align_top tb_col_count_1 tf_box tf_rel\">\n                        <div  data-lazy=\"1\" class=\"module_column tb-column col-full tb_d5e4584 first\">\n                            <div  data-lazy=\"1\" class=\"module_subrow themify_builder_sub_row tf_w col_align_middle tb_col_count_2 tb_3890c1e\">\n                <div  data-lazy=\"1\" class=\"module_column sub_column tb_4b15c5e first\">\n                    <!-- module image -->\n<div  class=\"module module-image tb_4e43ec8 image-top   tf_mw\" data-lazy=\"1\">\n        <div class=\"image-wrap tf_rel tf_mw\">\n            <img loading=\"lazy\" decoding=\"async\" src=\"https:\/\/kapini.dk\/wp-content\/uploads\/2022\/08\/jlinderroth.jpg\" width=\"120\" height=\"120\" class=\"wp-post-image wp-image-416\" title=\"jlinderroth\" alt=\"jlinderroth\" srcset=\"https:\/\/kapini.dk\/wp-content\/uploads\/2022\/08\/jlinderroth.jpg 480w, https:\/\/kapini.dk\/wp-content\/uploads\/2022\/08\/jlinderroth-300x300.jpg 300w, https:\/\/kapini.dk\/wp-content\/uploads\/2022\/08\/jlinderroth-100x100.jpg 100w, https:\/\/kapini.dk\/wp-content\/uploads\/2022\/08\/jlinderroth-150x150.jpg 150w\" sizes=\"auto, (max-width: 120px) 100vw, 120px\" \/>    \n        <\/div>\n    <!-- \/image-wrap -->\n    \n        <\/div>\n<!-- \/module image -->        <\/div>\n                    <div  data-lazy=\"1\" class=\"module_column sub_column tb_5e1c845 last\">\n                    <!-- module text -->\n<div  class=\"module module-text tb_258d0ce   \" data-lazy=\"1\">\n        <div  class=\"tb_text_wrap\">\n        <h3>Jonas Linderroth Hujale<\/h3>\n<p>jonas@kapini.dk<\/p>    <\/div>\n<\/div>\n<!-- \/module text -->        <\/div>\n                    <\/div>\n        <!-- module text -->\n<div  class=\"module module-text tb_68714a1   \" data-lazy=\"1\">\n        <div  class=\"tb_text_wrap\">\n        <p>Seit 2012 bin ich Teil von kapini und habe dazu beigetragen, den Schwerpunkt von eher seltenen und historischen Objekten auf Schmuck zu verlagern, wo der Fokus bis heute zu 100% liegt. Ich bin gelernte Architektin und heute in erster Linie f\u00fcr das Design der Schmuckst\u00fccke, den Kontakt zu unseren Lieferanten und die Abwicklung der Bestellungen auf kapini.dk verantwortlich.<\/p>    <\/div>\n<\/div>\n<!-- \/module text -->        <\/div>\n                        <\/div>\n        <\/div>\n        <\/div>\n<!--\/themify_builder_content-->","protected":false},"excerpt":{"rendered":"<p>\u00dcber uns Bei kapini.dk finden Sie immer eine gro\u00dfe Auswahl an Schmuckmaterialien und fertigen Schmuckst\u00fccken nach Ihrem eigenen Entwurf &#8211; zus\u00e4tzlich zum Verkauf von kapini.dk Sie k\u00f6nnen uns auf den meisten Stein- und Schmuckmessen in D\u00e4nemark und Nordeuropa finden. Das Unternehmen ist Mitglied des Precious Metals Control Board. Die Kernwerte des Unternehmens sind Ehrlichkeit, eine [&hellip;]<\/p>\n","protected":false},"author":1,"featured_media":0,"parent":0,"menu_order":0,"comment_status":"closed","ping_status":"closed","template":"","meta":{"footnotes":""},"class_list":["post-370","page","type-page","status-publish","hentry","has-post-title","has-post-date","has-post-category","has-post-tag","has-post-comment","has-post-author",""],"builder_content":"<h1>\u00dcber uns<\/h1>\n<p>Bei kapini.dk finden Sie immer eine gro\u00dfe Auswahl an Schmuckmaterialien und fertigen Schmuckst\u00fccken nach Ihrem eigenen Entwurf - zus\u00e4tzlich zum Verkauf von kapini.dk Sie k\u00f6nnen uns auf den meisten Stein- und Schmuckmessen in D\u00e4nemark und Nordeuropa finden. Das Unternehmen ist Mitglied des Precious Metals Control Board.<\/p> <p>Die Kernwerte des Unternehmens sind Ehrlichkeit, eine hochwertige Produktpalette und zufriedene Kunden.<\/p> <p><strong>Einzigartiger Schmuck - Schmuck von Kapini<\/strong><br>Wenn Sie auf der Suche nach sch\u00f6nem und einzigartigem Schmuck sind, entweder f\u00fcr sich selbst oder f\u00fcr einen lieben Menschen, dann sollten Sie unsere gro\u00dfe Auswahl an handgefertigtem Schmuck entdecken. Bei Kapini finden Sie eine gro\u00dfe und gut sortierte Auswahl an einzigartigem Schmuck und Schmuckteilen.<\/p> <p><strong>Sammlungen Red Leaves und Green Leaves<\/strong><br>Unser wundersch\u00f6ner handgefertigter Schmuck ist einzigartig und unverwechselbar. Bei Kapini spielen wir gerne mit klassischen, modernen und antiken Ausdrucksformen. Aus diesem Grund haben wir zwei Serien entwickelt, die zwei v\u00f6llig unterschiedliche Designrichtungen widerspiegeln.<\/p> <p><strong>Hinter dem Kapini<\/strong><br>Wir verf\u00fcgen \u00fcber mehr als 15 Jahre Erfahrung in der Schmuckbranche und sind sehr stolz auf die Qualit\u00e4t unserer Produkte. Wir reisen selbst um die Welt, um Inspiration f\u00fcr neuen Schmuck zu finden. Auf diese Weise finden wir die einzigartigen Ausdrucksformen und Designs, die unseren Schmuck auszeichnen. Wenn Sie Fragen zu unserem Schmucksortiment, dem Gro\u00dfhandel, den Preisen oder der Lieferung haben, k\u00f6nnen Sie uns jederzeit kontaktieren.<\/p> <p><strong>Bundesweite Lieferung f\u00fcr alle Artikel<\/strong><br>Wir verkaufen unseren Schmuck und unsere Schmuckteile an Kunden im ganzen Land, und in der Regel dauert die Lieferung nur 1-3 Werktage nach Eingang Ihrer Bestellung. Wir versenden unsere Waren \u00fcber Postnord, und der Versand kostet nur 30 Kronen.<\/p>\n<img src=\"https:\/\/kapini.dk\/wp-content\/uploads\/2022\/10\/kapini_om.jpg\" width=\"450\" height=\"620\" title=\"kapini_om\" alt=\"Om kapini\" srcset=\"https:\/\/kapini.dk\/wp-content\/uploads\/2022\/10\/kapini_om.jpg 640w, https:\/\/kapini.dk\/wp-content\/uploads\/2022\/10\/kapini_om-217x300.jpg 217w, https:\/\/kapini.dk\/wp-content\/uploads\/2022\/10\/kapini_om-600x828.jpg 600w\" sizes=\"(max-width: 450px) 100vw, 450px\" \/>\n<p>Wir reisen selbst um die Welt, um Inspiration f\u00fcr neuen Schmuck zu finden. Auf diese Weise finden wir die einzigartigen Ausdrucksformen und Designs, die unseren Schmuck auszeichnen.<\/p>\n<h3>Unsere Geschichte<\/h3>\n<ul> <li id=\"timeline-0\"> 2015 <p>Sed ut perspiciatis unde omnis iste natus error sit voluptatem accusantium doloremque laudantium, totam rem aperiam, eaque ipsa quae ab illo inventore veritatis et quasi architecto beatae vitae dicta sunt explicabo. Nemo enim ipsam voluptatem quia voluptas sit aspernatur aut odit aut fugit, sed quia consequuntur magni dolores eos qui ratione voluptatem sequi nesciunt. Neque porro quisquam est, qui dolorem ipsum quia dolor sit amet, consectetur, adipisci velit, sed quia non numquam eius modi tempora incidunt ut labore et dolore magnam aliquam quaerat voluptatem. Ut enim ad minima veniam, quis nostrum exercitationem ullam corporis suscipit laboriosam, nisi ut aliquid ex ea commodi consequatur<\/p> <p>[gallery size=\"full\" ids=\"226,225,224\"]<\/p> <\/li> <li id=\"timeline-1\"> 2017 <p>Nemo enim ipsam voluptatem quia voluptas sit aspernatur aut odit aut fugit, sed quia consequuntur magni dolores eos qui ratione voluptatem sequi nesciunt. Neque porro quisquam est, qui dolorem ipsum quia dolor sit amet, consectetur, adipisci velit, sed quia non numquam eius modi tempora incidunt ut labore et dolore magnam aliquam quaerat voluptatem. Ut enim ad minima veniam, quis nostrum exercitationem ullam corporis suscipit laboriosam, nisi ut aliquid ex ea commodi consequatur. Quis autem vel eum iure reprehenderit qui in ea voluptate velit esse quam nihil molestiae consequatur, vel illum qui dolorem eum fugiat quo voluptas nulla pariatur.<\/p> <\/li> <li id=\"timeline-2\"> 2018 <p>Nam libero tempore, cum soluta nobis est eligendi optio cumque nihil impedit quo minus id quod maxime placeat facere possimus, omnis voluptas assumenda est, omnis dolor repellendus. Temporibus autem quibusdam et aut officiis debitis aut rerum necessitatibus saepe eveniet ut et voluptates repudiandae sint et molestiae non recusandae. Itaque earum rerum hic tenetur a sapiente delectus, ut aut reiciendis voluptatibus maiores alias consequatur aut perferendis doloribus asperiores repellat.<\/p> <\/li> <\/ul>\n<h3>Wer steckt hinter Kapini?<\/h3>\n<img src=\"https:\/\/kapini.dk\/wp-content\/uploads\/2022\/08\/jlinderroth.jpg\" width=\"120\" height=\"120\" title=\"jlinderroth\" alt=\"jlinderroth\" srcset=\"https:\/\/kapini.dk\/wp-content\/uploads\/2022\/08\/jlinderroth.jpg 480w, https:\/\/kapini.dk\/wp-content\/uploads\/2022\/08\/jlinderroth-300x300.jpg 300w, https:\/\/kapini.dk\/wp-content\/uploads\/2022\/08\/jlinderroth-100x100.jpg 100w, https:\/\/kapini.dk\/wp-content\/uploads\/2022\/08\/jlinderroth-150x150.jpg 150w\" sizes=\"(max-width: 120px) 100vw, 120px\" \/>\n<h3>Jonas Linderroth Hujale<\/h3> <p>jonas@kapini.dk<\/p>\n<p>Seit 2012 bin ich Teil von kapini und habe dazu beigetragen, den Schwerpunkt von eher seltenen und historischen Objekten auf Schmuck zu verlagern, wo der Fokus bis heute zu 100% liegt. Ich bin gelernte Architektin und heute in erster Linie f\u00fcr das Design der Schmuckst\u00fccke, den Kontakt zu unseren Lieferanten und die Abwicklung der Bestellungen auf kapini.dk verantwortlich.<\/p>","_links":{"self":[{"href":"https:\/\/kapini.dk\/de\/wp-json\/wp\/v2\/pages\/370","targetHints":{"allow":["GET"]}}],"collection":[{"href":"https:\/\/kapini.dk\/de\/wp-json\/wp\/v2\/pages"}],"about":[{"href":"https:\/\/kapini.dk\/de\/wp-json\/wp\/v2\/types\/page"}],"author":[{"embeddable":true,"href":"https:\/\/kapini.dk\/de\/wp-json\/wp\/v2\/users\/1"}],"replies":[{"embeddable":true,"href":"https:\/\/kapini.dk\/de\/wp-json\/wp\/v2\/comments?post=370"}],"version-history":[{"count":6,"href":"https:\/\/kapini.dk\/de\/wp-json\/wp\/v2\/pages\/370\/revisions"}],"predecessor-version":[{"id":5737,"href":"https:\/\/kapini.dk\/de\/wp-json\/wp\/v2\/pages\/370\/revisions\/5737"}],"wp:attachment":[{"href":"https:\/\/kapini.dk\/de\/wp-json\/wp\/v2\/media?parent=370"}],"curies":[{"name":"wp","href":"https:\/\/api.w.org\/{rel}","templated":true}]}}